{"id":1722,"date":"2024-09-23T23:27:38","date_gmt":"2024-09-23T22:27:38","guid":{"rendered":"https:\/\/www.gimax-srl.com\/wp\/prodotto\/marches-emaillees-a-chaud-numeriquement\/"},"modified":"2024-09-23T23:27:38","modified_gmt":"2024-09-23T22:27:38","slug":"marches-emaillees-a-chaud-numeriquement","status":"publish","type":"product","link":"https:\/\/www.gimax-srl.com\/wp\/fr\/prodotto\/marches-emaillees-a-chaud-numeriquement\/","title":{"rendered":"marches \u00e9maill\u00e9es \u00e0 chaud num\u00e9riquement"},"content":{"rendered":"","protected":false},"excerpt":{"rendered":"","protected":false},"featured_media":994,"template":"","meta":[],"product_cat":[99],"product_tag":[],"class_list":{"0":"post-1722","1":"product","2":"type-product","3":"status-publish","4":"has-post-thumbnail","6":"product_cat-marches-emaillees-a-chaud-numeriquement","8":"first","9":"instock","10":"shipping-taxable","11":"product-type-simple"},"_links":{"self":[{"href":"https:\/\/www.gimax-srl.com\/wp\/fr\/wp-json\/wp\/v2\/product\/1722","targetHints":{"allow":["GET"]}}],"collection":[{"href":"https:\/\/www.gimax-srl.com\/wp\/fr\/wp-json\/wp\/v2\/product"}],"about":[{"href":"https:\/\/www.gimax-srl.com\/wp\/fr\/wp-json\/wp\/v2\/types\/product"}],"wp:featuredmedia":[{"embeddable":true,"href":"https:\/\/www.gimax-srl.com\/wp\/fr\/wp-json\/wp\/v2\/media\/994"}],"wp:attachment":[{"href":"https:\/\/www.gimax-srl.com\/wp\/fr\/wp-json\/wp\/v2\/media?parent=1722"}],"wp:term":[{"taxonomy":"product_cat","embeddable":true,"href":"https:\/\/www.gimax-srl.com\/wp\/fr\/wp-json\/wp\/v2\/product_cat?post=1722"},{"taxonomy":"product_tag","embeddable":true,"href":"https:\/\/www.gimax-srl.com\/wp\/fr\/wp-json\/wp\/v2\/product_tag?post=1722"}],"curies":[{"name":"wp","href":"https:\/\/api.w.org\/{rel}","templated":true}]}}